{"id":51892,"date":"2022-05-26T19:45:36","date_gmt":"2022-05-26T19:45:36","guid":{"rendered":"https:\/\/albatrosrealestate.com\/about-us\/"},"modified":"2025-01-25T17:50:23","modified_gmt":"2025-01-25T17:50:23","slug":"about-us","status":"publish","type":"page","link":"https:\/\/albatrosrealestate.com\/tr\/about-us\/","title":{"rendered":"Hakk\u0131m\u0131zda"},"content":{"rendered":"\t\t<div data-elementor-type=\"wp-page\" data-elementor-id=\"51892\" class=\"elementor elementor-51892 elementor-44478\" data-elementor-post-type=\"page\">\n\t\t\t\t\t\t<section class=\"elementor-section elementor-top-section elementor-element elementor-element-9f666cb elementor-section-height-min-height elementor-section-content-middle elementor-section-boxed elementor-section-height-default elementor-section-items-middle elementor-invisible\" data-id=\"9f666cb\" data-element_type=\"section\" data-settings=\"{&quot;background_background&quot;:&quot;classic&quot;,&quot;animation&quot;:&quot;fadeIn&quot;}\">\n\t\t\t\t\t\t<div class=\"elementor-container elementor-column-gap-no\">\n\t\t\t\t\t<div class=\"elementor-column elementor-col-100 elementor-top-column elementor-element elementor-element-48fc078\" data-id=\"48fc078\" data-element_type=\"column\">\n\t\t\t<div class=\"elementor-widget-wrap elementor-element-populated\">\n\t\t\t\t\t\t\t<\/div>\n\t\t<\/div>\n\t\t\t\t\t<\/div>\n\t\t<\/section>\n\t\t<div class=\"elementor-element elementor-element-c1cff1a e-flex e-con-boxed e-con e-parent\" data-id=\"c1cff1a\" data-element_type=\"container\" data-settings=\"{&quot;background_background&quot;:&quot;classic&quot;}\">\n\t\t\t\t\t<div class=\"e-con-inner\">\n\t\t<div class=\"elementor-element elementor-element-6ea7244 e-flex e-con-boxed e-con e-child\" data-id=\"6ea7244\" data-element_type=\"container\">\n\t\t\t\t\t<div class=\"e-con-inner\">\n\t\t\t\t<div class=\"elementor-element elementor-element-1f66520 elementor-widget elementor-widget-image\" data-id=\"1f66520\" data-element_type=\"widget\" data-widget_type=\"image.default\">\n\t\t\t\t<div class=\"elementor-widget-container\">\n\t\t\t\t\t\t\t\t\t\t\t\t\t<img fetchpriority=\"high\" decoding=\"async\" width=\"1024\" height=\"963\" src=\"https:\/\/albatrosrealestate.com\/wp-content\/uploads\/2024\/08\/albatros-real-esate-1024x963.jpg\" class=\"attachment-large size-large wp-image-46909\" alt=\"\" srcset=\"https:\/\/albatrosrealestate.com\/wp-content\/uploads\/2024\/08\/albatros-real-esate-1024x963.jpg 1024w, https:\/\/albatrosrealestate.com\/wp-content\/uploads\/2024\/08\/albatros-real-esate-300x282.jpg 300w, https:\/\/albatrosrealestate.com\/wp-content\/uploads\/2024\/08\/albatros-real-esate-768x722.jpg 768w, https:\/\/albatrosrealestate.com\/wp-content\/uploads\/2024\/08\/albatros-real-esate-1536x1445.jpg 1536w, https:\/\/albatrosrealestate.com\/wp-content\/uploads\/2024\/08\/albatros-real-esate-638x600.jpg 638w, https:\/\/albatrosrealestate.com\/wp-content\/uploads\/2024\/08\/albatros-real-esate-496x466.jpg 496w, https:\/\/albatrosrealestate.com\/wp-content\/uploads\/2024\/08\/albatros-real-esate.jpg 2048w\" sizes=\"(max-width: 1024px) 100vw, 1024px\" \/>\t\t\t\t\t\t\t\t\t\t\t\t\t<\/div>\n\t\t\t\t<\/div>\n\t\t\t\t\t<\/div>\n\t\t\t\t<\/div>\n\t\t<div class=\"elementor-element elementor-element-5a97062 e-flex e-con-boxed e-con e-child\" data-id=\"5a97062\" data-element_type=\"container\" data-settings=\"{&quot;background_background&quot;:&quot;classic&quot;}\">\n\t\t\t\t\t<div class=\"e-con-inner\">\n\t\t\t\t<div class=\"elementor-element elementor-element-c74625d elementor-widget elementor-widget-text-editor\" data-id=\"c74625d\" data-element_type=\"widget\" data-widget_type=\"text-editor.default\">\n\t\t\t\t<div class=\"elementor-widget-container\">\n\t\t\t\t\t\t\t<div class=\"flex max-w-full flex-col flex-grow\"><div class=\"min-h-8 text-message flex w-full flex-col items-end gap-2 whitespace-normal break-words text-start [.text-message+&amp;]:mt-5\" dir=\"auto\" data-message-author-role=\"assistant\" data-message-id=\"ae6c4432-b154-448a-9511-36e3521bf8d8\" data-message-model-slug=\"gpt-4o\"><div class=\"flex w-full flex-col gap-1 empty:hidden first:pt-[3px]\"><div class=\"markdown prose w-full break-words dark:prose-invert light\"><p>2019 y\u0131l\u0131nda kurulan Albatros Real Estate, Bar&#8217;\u0131n merkezinde bulunan bir emlak ajans\u0131d\u0131r. Bar \u015fehrinin tamam\u0131nda ve Karada\u011f sahil \u015feridinde her t\u00fcrl\u00fc gayrimenkul bulma konusunda insanlara yard\u0131mc\u0131 oluyoruz. M\u00fc\u015fterilerimize nazik ve ayr\u0131nt\u0131l\u0131 bir yakla\u015f\u0131mla hizmet sunuyoruz, \u00f6zellikle harika f\u0131rsatlar ve istikrarl\u0131 bir pasif kira geliri \u00fczerinde duruyoruz. Sat\u0131\u015f, uzun d\u00f6nem kiralama ve k\u0131sa d\u00f6nem kiralama gibi emlak sekt\u00f6r\u00fcn\u00fcn \u00fc\u00e7 alan\u0131nda da uzman\u0131z. Airbnb profilimizde 600&#8217;den fazla yorum bulunmaktad\u0131r.<\/p><\/div><\/div><\/div><\/div><div class=\"mb-2 flex gap-3 empty:hidden -ml-2\"><div class=\"items-center justify-start rounded-xl p-1 z-10 -mt-1 bg-token-main-surface-primary screen-arch:mt-1 md:absolute flex\"><div class=\"flex items-center\"><button class=\"rounded-lg text-token-text-secondary hover:bg-token-main-surface-secondary\" aria-label=\"Read aloud\" data-testid=\"voice-play-turn-action-button\"><\/button><button class=\"rounded-lg text-token-text-secondary hover:bg-token-main-surface-secondary\" aria-label=\"\u041a\u043e\u043f\u0438\u0440\u0430\u0458\" data-testid=\"copy-turn-action-button\"><\/button><button class=\"rounded-lg text-token-text-secondary hover:bg-token-main-surface-secondary\" aria-label=\"\u0418\u0437\u043c\u0435\u043d\u0438 \u043d\u0430 \u043f\u0430\u043d\u0435\u043b\u0443\"><\/button><div class=\"flex items-center pb-0\">\u00a0<\/div><\/div><\/div><\/div>\t\t\t\t\t\t<\/div>\n\t\t\t\t<\/div>\n\t\t\t\t\t<\/div>\n\t\t\t\t<\/div>\n\t\t\t\t\t<\/div>\n\t\t\t\t<\/div>\n\t\t\t\t<section class=\"elementor-section elementor-top-section elementor-element elementor-element-61276647 elementor-section-boxed elementor-section-height-default elementor-section-height-default elementor-invisible\" data-id=\"61276647\" data-element_type=\"section\" data-settings=\"{&quot;background_background&quot;:&quot;classic&quot;,&quot;animation&quot;:&quot;fadeIn&quot;}\">\n\t\t\t\t\t\t\t<div class=\"elementor-background-overlay\"><\/div>\n\t\t\t\t\t\t\t<div class=\"elementor-container elementor-column-gap-no\">\n\t\t\t\t\t<div class=\"elementor-column elementor-col-100 elementor-top-column elementor-element elementor-element-641f4467\" data-id=\"641f4467\" data-element_type=\"column\">\n\t\t\t<div class=\"elementor-widget-wrap elementor-element-populated\">\n\t\t\t\t\t\t<section class=\"elementor-section elementor-inner-section elementor-element elementor-element-303956c elementor-section-boxed elementor-section-height-default elementor-section-height-default\" data-id=\"303956c\" data-element_type=\"section\">\n\t\t\t\t\t\t<div class=\"elementor-container elementor-column-gap-default\">\n\t\t\t\t\t<div class=\"elementor-column elementor-col-100 elementor-inner-column elementor-element elementor-element-5f5e4b1\" data-id=\"5f5e4b1\" data-element_type=\"column\">\n\t\t\t<div class=\"elementor-widget-wrap elementor-element-populated\">\n\t\t\t\t\t\t<div class=\"elementor-element elementor-element-7f11d84 elementor-widget elementor-widget-menu-anchor\" data-id=\"7f11d84\" data-element_type=\"widget\" data-widget_type=\"menu-anchor.default\">\n\t\t\t\t<div class=\"elementor-widget-container\">\n\t\t\t\t\t<div class=\"elementor-menu-anchor\" id=\"ekibimiz\"><\/div>\n\t\t\t\t<\/div>\n\t\t\t\t<\/div>\n\t\t\t\t<div class=\"elementor-element elementor-element-9ad8efe animated-slow elementor-invisible elementor-widget elementor-widget-heading\" data-id=\"9ad8efe\" data-element_type=\"widget\" data-settings=\"{&quot;_animation&quot;:&quot;fadeIn&quot;}\" data-widget_type=\"heading.default\">\n\t\t\t\t<div class=\"elementor-widget-container\">\n\t\t\t<h2 class=\"elementor-heading-title elementor-size-default\">Ekibimiz<\/h2>\t\t<\/div>\n\t\t\t\t<\/div>\n\t\t\t\t<div class=\"elementor-element elementor-element-398f042 elementor-widget elementor-widget-houzez_elementor_agents_grid\" data-id=\"398f042\" data-element_type=\"widget\" data-widget_type=\"houzez_elementor_agents_grid.default\">\n\t\t\t\t<div class=\"elementor-widget-container\">\n\t\t\t\n        <div class=\"agent-v2-grid-module agents-grid-view agents-grid-view-3cols\">\n        \n            <div class=\"agent-grid-wrap\">\t\n\t<div class=\"agent-grid-image-wrap\">\n\t\t<a class=\"agent-grid-image\" href=\"https:\/\/albatrosrealestate.com\/tr\/agent\/alem-zaganjor\/\">\n\t\t\t<img decoding=\"async\" width=\"768\" height=\"768\" src=\"https:\/\/albatrosrealestate.com\/wp-content\/uploads\/2024\/08\/alem-zaganjor-768x768.jpg\" class=\"img-fluid wp-post-image\" alt=\"\" srcset=\"https:\/\/albatrosrealestate.com\/wp-content\/uploads\/2024\/08\/alem-zaganjor-768x768.jpg 768w, https:\/\/albatrosrealestate.com\/wp-content\/uploads\/2024\/08\/alem-zaganjor-300x300.jpg 300w, https:\/\/albatrosrealestate.com\/wp-content\/uploads\/2024\/08\/alem-zaganjor-150x150.jpg 150w, https:\/\/albatrosrealestate.com\/wp-content\/uploads\/2024\/08\/alem-zaganjor-780x780.jpg 780w, https:\/\/albatrosrealestate.com\/wp-content\/uploads\/2024\/08\/alem-zaganjor-600x600.jpg 600w, https:\/\/albatrosrealestate.com\/wp-content\/uploads\/2024\/08\/alem-zaganjor-496x496.jpg 496w, https:\/\/albatrosrealestate.com\/wp-content\/uploads\/2024\/08\/alem-zaganjor.jpg 800w\" sizes=\"(max-width: 768px) 100vw, 768px\" \/>\t\t<\/a>\n\t\t<h2><a href=\"https:\/\/albatrosrealestate.com\/tr\/agent\/alem-zaganjor\/\">Alem Zaganjor<\/a><\/h2>\n\t\t\t<\/div>\n\t<div class=\"agent-grid-content-wrap\">\n\t\t<ul class=\"agent-list-contact list-unstyled\">\n\t\t\t\n\t\t\t \t\t<\/ul>\n\t\t<a class=\"btn btn-primary-outlined btn-full-width\" href=\"https:\/\/albatrosrealestate.com\/tr\/agent\/alem-zaganjor\/\">\n\t\t\tView Profile<\/a>\n\t<\/div>\n<\/div><div class=\"agent-grid-wrap\">\t\n\t<div class=\"agent-grid-image-wrap\">\n\t\t<a class=\"agent-grid-image\" href=\"https:\/\/albatrosrealestate.com\/tr\/agent\/anastasia-georgievskaya\/\">\n\t\t\t<img decoding=\"async\" width=\"768\" height=\"768\" src=\"https:\/\/albatrosrealestate.com\/wp-content\/uploads\/2024\/08\/agent2-768x768.jpg\" class=\"img-fluid wp-post-image\" alt=\"\" srcset=\"https:\/\/albatrosrealestate.com\/wp-content\/uploads\/2024\/08\/agent2-768x768.jpg 768w, https:\/\/albatrosrealestate.com\/wp-content\/uploads\/2024\/08\/agent2-300x300.jpg 300w, https:\/\/albatrosrealestate.com\/wp-content\/uploads\/2024\/08\/agent2-150x150.jpg 150w, https:\/\/albatrosrealestate.com\/wp-content\/uploads\/2024\/08\/agent2-780x780.jpg 780w, https:\/\/albatrosrealestate.com\/wp-content\/uploads\/2024\/08\/agent2-600x600.jpg 600w, https:\/\/albatrosrealestate.com\/wp-content\/uploads\/2024\/08\/agent2-496x496.jpg 496w, https:\/\/albatrosrealestate.com\/wp-content\/uploads\/2024\/08\/agent2.jpg 800w\" sizes=\"(max-width: 768px) 100vw, 768px\" \/>\t\t<\/a>\n\t\t<h2><a href=\"https:\/\/albatrosrealestate.com\/tr\/agent\/anastasia-georgievskaya\/\">Anastasia Georgievskaya<\/a><\/h2>\n\t\t\t<\/div>\n\t<div class=\"agent-grid-content-wrap\">\n\t\t<ul class=\"agent-list-contact list-unstyled\">\n\t\t\t\n\t\t\t \t\t<\/ul>\n\t\t<a class=\"btn btn-primary-outlined btn-full-width\" href=\"https:\/\/albatrosrealestate.com\/tr\/agent\/anastasia-georgievskaya\/\">\n\t\t\tView Profile<\/a>\n\t<\/div>\n<\/div><div class=\"agent-grid-wrap\">\t\n\t<div class=\"agent-grid-image-wrap\">\n\t\t<a class=\"agent-grid-image\" href=\"https:\/\/albatrosrealestate.com\/tr\/agent\/mila-levchenko\/\">\n\t\t\t<img loading=\"lazy\" decoding=\"async\" width=\"420\" height=\"422\" src=\"https:\/\/albatrosrealestate.com\/wp-content\/uploads\/2024\/08\/Screenshot-2026-04-18-at-13.04.36.png\" class=\"img-fluid wp-post-image\" alt=\"\" srcset=\"https:\/\/albatrosrealestate.com\/wp-content\/uploads\/2024\/08\/Screenshot-2026-04-18-at-13.04.36.png 420w, https:\/\/albatrosrealestate.com\/wp-content\/uploads\/2024\/08\/Screenshot-2026-04-18-at-13.04.36-300x300.png 300w, https:\/\/albatrosrealestate.com\/wp-content\/uploads\/2024\/08\/Screenshot-2026-04-18-at-13.04.36-150x150.png 150w\" sizes=\"(max-width: 420px) 100vw, 420px\" \/>\t\t<\/a>\n\t\t<h2><a href=\"https:\/\/albatrosrealestate.com\/tr\/agent\/mila-levchenko\/\">Olga Makuskina<\/a><\/h2>\n\t\t\t<\/div>\n\t<div class=\"agent-grid-content-wrap\">\n\t\t<ul class=\"agent-list-contact list-unstyled\">\n\t\t\t\n\t\t\t \t\t<\/ul>\n\t\t<a class=\"btn btn-primary-outlined btn-full-width\" href=\"https:\/\/albatrosrealestate.com\/tr\/agent\/mila-levchenko\/\">\n\t\t\tView Profile<\/a>\n\t<\/div>\n<\/div><div class=\"agent-grid-wrap\">\t\n\t<div class=\"agent-grid-image-wrap\">\n\t\t<a class=\"agent-grid-image\" href=\"https:\/\/albatrosrealestate.com\/tr\/agent\/milica-hot\/\">\n\t\t\t<img loading=\"lazy\" decoding=\"async\" width=\"685\" height=\"900\" src=\"https:\/\/albatrosrealestate.com\/wp-content\/uploads\/2024\/08\/IMG_9265.jpg\" class=\"img-fluid wp-post-image\" alt=\"\" srcset=\"https:\/\/albatrosrealestate.com\/wp-content\/uploads\/2024\/08\/IMG_9265.jpg 685w, https:\/\/albatrosrealestate.com\/wp-content\/uploads\/2024\/08\/IMG_9265-228x300.jpg 228w, https:\/\/albatrosrealestate.com\/wp-content\/uploads\/2024\/08\/IMG_9265-457x600.jpg 457w, https:\/\/albatrosrealestate.com\/wp-content\/uploads\/2024\/08\/IMG_9265-496x652.jpg 496w\" sizes=\"(max-width: 685px) 100vw, 685px\" \/>\t\t<\/a>\n\t\t<h2><a href=\"https:\/\/albatrosrealestate.com\/tr\/agent\/milica-hot\/\">Edo Canovic<\/a><\/h2>\n\t\t\t<\/div>\n\t<div class=\"agent-grid-content-wrap\">\n\t\t<ul class=\"agent-list-contact list-unstyled\">\n\t\t\t\n\t\t\t \t\t<\/ul>\n\t\t<a class=\"btn btn-primary-outlined btn-full-width\" href=\"https:\/\/albatrosrealestate.com\/tr\/agent\/milica-hot\/\">\n\t\t\tView Profile<\/a>\n\t<\/div>\n<\/div><div class=\"agent-grid-wrap\">\t\n\t<div class=\"agent-grid-image-wrap\">\n\t\t<a class=\"agent-grid-image\" href=\"https:\/\/albatrosrealestate.com\/tr\/agent\/tanja-sorokina\/\">\n\t\t\t<img loading=\"lazy\" decoding=\"async\" width=\"606\" height=\"574\" src=\"https:\/\/albatrosrealestate.com\/wp-content\/uploads\/2024\/08\/WhatsApp-Image-2026-04-20-at-16.53.03-2.jpeg\" class=\"img-fluid wp-post-image\" alt=\"\" srcset=\"https:\/\/albatrosrealestate.com\/wp-content\/uploads\/2024\/08\/WhatsApp-Image-2026-04-20-at-16.53.03-2.jpeg 606w, https:\/\/albatrosrealestate.com\/wp-content\/uploads\/2024\/08\/WhatsApp-Image-2026-04-20-at-16.53.03-2-300x284.jpeg 300w, https:\/\/albatrosrealestate.com\/wp-content\/uploads\/2024\/08\/WhatsApp-Image-2026-04-20-at-16.53.03-2-496x470.jpeg 496w\" sizes=\"(max-width: 606px) 100vw, 606px\" \/>\t\t<\/a>\n\t\t<h2><a href=\"https:\/\/albatrosrealestate.com\/tr\/agent\/tanja-sorokina\/\">Stefan Krgovic<\/a><\/h2>\n\t\t\t<\/div>\n\t<div class=\"agent-grid-content-wrap\">\n\t\t<ul class=\"agent-list-contact list-unstyled\">\n\t\t\t\n\t\t\t \t\t<\/ul>\n\t\t<a class=\"btn btn-primary-outlined btn-full-width\" href=\"https:\/\/albatrosrealestate.com\/tr\/agent\/tanja-sorokina\/\">\n\t\t\tView Profile<\/a>\n\t<\/div>\n<\/div><div class=\"agent-grid-wrap\">\t\n\t<div class=\"agent-grid-image-wrap\">\n\t\t<a class=\"agent-grid-image\" href=\"https:\/\/albatrosrealestate.com\/tr\/agent\/edo-canovic\/\">\n\t\t\t<img loading=\"lazy\" decoding=\"async\" width=\"685\" height=\"900\" src=\"https:\/\/albatrosrealestate.com\/wp-content\/uploads\/2024\/08\/IMG_9265.jpg\" class=\"img-fluid wp-post-image\" alt=\"\" srcset=\"https:\/\/albatrosrealestate.com\/wp-content\/uploads\/2024\/08\/IMG_9265.jpg 685w, https:\/\/albatrosrealestate.com\/wp-content\/uploads\/2024\/08\/IMG_9265-228x300.jpg 228w, https:\/\/albatrosrealestate.com\/wp-content\/uploads\/2024\/08\/IMG_9265-457x600.jpg 457w, https:\/\/albatrosrealestate.com\/wp-content\/uploads\/2024\/08\/IMG_9265-496x652.jpg 496w\" sizes=\"(max-width: 685px) 100vw, 685px\" \/>\t\t<\/a>\n\t\t<h2><a href=\"https:\/\/albatrosrealestate.com\/tr\/agent\/edo-canovic\/\">Edo Canovic<\/a><\/h2>\n\t\t\t\t<div class=\"agent-list-position\">Real Estate Agent<\/div>\n\t\t\t<\/div>\n\t<div class=\"agent-grid-content-wrap\">\n\t\t<ul class=\"agent-list-contact list-unstyled\">\n\t\t\t\n\t\t\t \t\t<\/ul>\n\t\t<a class=\"btn btn-primary-outlined btn-full-width\" href=\"https:\/\/albatrosrealestate.com\/tr\/agent\/edo-canovic\/\">\n\t\t\tView Profile<\/a>\n\t<\/div>\n<\/div>        <\/div><!-- agent-module -->\n\n        \n        \t\t<\/div>\n\t\t\t\t<\/div>\n\t\t\t\t\t<\/div>\n\t\t<\/div>\n\t\t\t\t\t<\/div>\n\t\t<\/section>\n\t\t\t\t\t<\/div>\n\t\t<\/div>\n\t\t\t\t\t<\/div>\n\t\t<\/section>\n\t\t\t\t<\/div>\n\t\t","protected":false},"excerpt":{"rendered":"<p>2019 y\u0131l\u0131nda kurulan Albatros Real Estate, Bar&#8217;\u0131n merkezinde bulunan bir emlak ajans\u0131d\u0131r. Bar \u015fehrinin tamam\u0131nda ve Karada\u011f sahil \u015feridinde her t\u00fcrl\u00fc gayrimenkul bulma konusunda insanlara yard\u0131mc\u0131 oluyoruz. M\u00fc\u015fterilerimize nazik ve ayr\u0131nt\u0131l\u0131 bir yakla\u015f\u0131mla hizmet sunuyoruz, \u00f6zellikle harika f\u0131rsatlar ve istikrarl\u0131 bir pasif kira geliri \u00fczerinde duruyoruz. Sat\u0131\u015f, uzun d\u00f6nem kiralama ve k\u0131sa d\u00f6nem kiralama gibi [&hellip;]<\/p>\n","protected":false},"author":9,"featured_media":0,"parent":0,"menu_order":0,"comment_status":"closed","ping_status":"closed","template":"elementor_header_footer","meta":{"om_disable_all_campaigns":false,"_monsterinsights_skip_tracking":false,"_monsterinsights_sitenote_active":false,"_monsterinsights_sitenote_note":"","_monsterinsights_sitenote_category":0,"footnotes":""},"class_list":["post-51892","page","type-page","status-publish","hentry"],"aioseo_notices":[],"_links":{"self":[{"href":"https:\/\/albatrosrealestate.com\/tr\/wp-json\/wp\/v2\/pages\/51892","targetHints":{"allow":["GET"]}}],"collection":[{"href":"https:\/\/albatrosrealestate.com\/tr\/wp-json\/wp\/v2\/pages"}],"about":[{"href":"https:\/\/albatrosrealestate.com\/tr\/wp-json\/wp\/v2\/types\/page"}],"author":[{"embeddable":true,"href":"https:\/\/albatrosrealestate.com\/tr\/wp-json\/wp\/v2\/users\/9"}],"replies":[{"embeddable":true,"href":"https:\/\/albatrosrealestate.com\/tr\/wp-json\/wp\/v2\/comments?post=51892"}],"version-history":[{"count":7,"href":"https:\/\/albatrosrealestate.com\/tr\/wp-json\/wp\/v2\/pages\/51892\/revisions"}],"predecessor-version":[{"id":52210,"href":"https:\/\/albatrosrealestate.com\/tr\/wp-json\/wp\/v2\/pages\/51892\/revisions\/52210"}],"wp:attachment":[{"href":"https:\/\/albatrosrealestate.com\/tr\/wp-json\/wp\/v2\/media?parent=51892"}],"curies":[{"name":"wp","href":"https:\/\/api.w.org\/{rel}","templated":true}]}}