{"id":51927,"date":"2022-03-07T23:19:16","date_gmt":"2022-03-07T23:19:16","guid":{"rendered":"https:\/\/albatrosrealestate.com\/contact\/"},"modified":"2025-01-25T17:43:35","modified_gmt":"2025-01-25T17:43:35","slug":"contact","status":"publish","type":"page","link":"https:\/\/albatrosrealestate.com\/de\/contact\/","title":{"rendered":"Kontakt"},"content":{"rendered":"\t\t<div data-elementor-type=\"wp-page\" data-elementor-id=\"51927\" class=\"elementor elementor-51927 elementor-44012\" data-elementor-post-type=\"page\">\n\t\t\t\t\t\t<section class=\"elementor-section elementor-top-section elementor-element elementor-element-d7c8eb2 elementor-reverse-mobile elementor-section-boxed elementor-section-height-default elementor-section-height-default elementor-invisible\" data-id=\"d7c8eb2\" data-element_type=\"section\" data-settings=\"{&quot;background_background&quot;:&quot;classic&quot;,&quot;animation&quot;:&quot;fadeIn&quot;}\">\n\t\t\t\t\t\t<div class=\"elementor-container elementor-column-gap-wide\">\n\t\t\t\t\t<div class=\"elementor-column elementor-col-100 elementor-top-column elementor-element elementor-element-93dff0a\" data-id=\"93dff0a\" data-element_type=\"column\">\n\t\t\t<div class=\"elementor-widget-wrap elementor-element-populated\">\n\t\t\t\t\t\t<div class=\"elementor-element elementor-element-706808c animated-slow elementor-invisible elementor-widget elementor-widget-heading\" data-id=\"706808c\" data-element_type=\"widget\" data-settings=\"{&quot;_animation&quot;:&quot;fadeIn&quot;}\" data-widget_type=\"heading.default\">\n\t\t\t\t<div class=\"elementor-widget-container\">\n\t\t\t<h1 class=\"elementor-heading-title elementor-size-default\">Kontaktieren Sie uns\n\n<\/h1>\t\t<\/div>\n\t\t\t\t<\/div>\n\t\t\t\t<div class=\"elementor-element elementor-element-edca53f elementor-widget elementor-widget-spacer\" data-id=\"edca53f\" data-element_type=\"widget\" data-widget_type=\"spacer.default\">\n\t\t\t\t<div class=\"elementor-widget-container\">\n\t\t\t\t\t<div class=\"elementor-spacer\">\n\t\t\t<div class=\"elementor-spacer-inner\"><\/div>\n\t\t<\/div>\n\t\t\t\t<\/div>\n\t\t\t\t<\/div>\n\t\t\t\t<section class=\"elementor-section elementor-inner-section elementor-element elementor-element-f8969aa elementor-section-full_width elementor-section-height-default elementor-section-height-default\" data-id=\"f8969aa\" data-element_type=\"section\">\n\t\t\t\t\t\t<div class=\"elementor-container elementor-column-gap-no\">\n\t\t\t\t\t<div class=\"elementor-column elementor-col-33 elementor-inner-column elementor-element elementor-element-a645b1b\" data-id=\"a645b1b\" data-element_type=\"column\">\n\t\t\t<div class=\"elementor-widget-wrap elementor-element-populated\">\n\t\t\t\t\t\t<div class=\"elementor-element elementor-element-2deff7a animated-slow elementor-invisible elementor-widget elementor-widget-heading\" data-id=\"2deff7a\" data-element_type=\"widget\" data-settings=\"{&quot;_animation&quot;:&quot;fadeIn&quot;}\" data-widget_type=\"heading.default\">\n\t\t\t\t<div class=\"elementor-widget-container\">\n\t\t\t<div class=\"elementor-heading-title elementor-size-default\">Senden Sie uns eine Nachricht \u00fcber das Kontaktformular, und wir werden Ihnen so schnell wie m\u00f6glich antworten.\n\n<\/div>\t\t<\/div>\n\t\t\t\t<\/div>\n\t\t\t\t<div class=\"elementor-element elementor-element-0fa1982 elementor-button-align-stretch elementor-widget elementor-widget-houzez_elementor_contact_form\" data-id=\"0fa1982\" data-element_type=\"widget\" data-widget_type=\"houzez_elementor_contact_form.default\">\n\t\t\t\t<div class=\"elementor-widget-container\">\n\t\t\t\n        <script type=\"application\/javascript\">\n            jQuery(document).bind(\"ready\", function () {\n                houzezValidateElementor(\"#houzez-form-0fa1982\" );\n            });\n        <\/script>\n\n        <form class=\"elementor-form\" id=\"houzez-form-0fa1982\" method=\"post\" name=\"New Form\" action=\"https:\/\/albatrosrealestate.com\/wp-admin\/admin-ajax.php\">\n            <input type=\"hidden\" name=\"form_id\" value=\"0fa1982\"\/>\n            <input type=\"hidden\" name=\"houzez_contact_form\" value=\"yes\"\/>\n            <input type=\"hidden\" name=\"action\" value=\"houzez_ele_contact_form\" \/>\n            <input type=\"hidden\" name=\"source_link\" value=\"https:\/\/albatrosrealestate.com\/de\/contact\/\" \/>\n            <input type=\"hidden\" name=\"lead_page_id\" value=\"51927\" \/>\n            <input type=\"hidden\" name=\"email_to\" value=\"info@albatrosrealestate.com\" \/>\n            <input type=\"hidden\" name=\"email_subject\" value=\"New message from Albatros Real Estate\" \/>\n            <input type=\"hidden\" name=\"email_to_cc\" value=\"\" \/>\n            <input type=\"hidden\" name=\"email_to_bcc\" value=\"\" \/>\n            <input type=\"hidden\" name=\"webhook\" value=\"false\" \/>\n            <input type=\"hidden\" name=\"webhook_url\" value=\"\" \/>\n            <input type=\"hidden\" name=\"redirect_to\" value=\"\" \/>\n            <input type=\"hidden\" name=\"google_recaptcha\" value=\"yes\" \/>\n            \n\n            <div class=\"elementor-form-fields-wrapper elementor-labels-above\">\n\n                                    <div class=\"elementor-field-group elementor-column form-group elementor-field-group-ba74d26 elementor-col-100\">\n                    <label for=\"form-field-ba74d26\" class=\"elementor-field-label elementor-screen-only\">Type<\/label>        <div class=\"elementor-field elementor-select-wrapper\">\n            <select name=\"user_type\" id=\"form-field-ba74d26\" class=\"elementor-field-textual form-control elementor-size-md\">\n                <option value=\"\">Ausw\u00e4hlen<\/option><option value=\"Ich m\u00f6chte kaufen\">Ich m\u00f6chte kaufen<\/option><option value=\"Ich m\u00f6chte verkaufen\">Ich m\u00f6chte verkaufen<\/option>            <\/select>\n        <\/div>\n                            <\/div>\n\n                                        <div class=\"elementor-field-group elementor-column form-group elementor-field-group-name elementor-col-100 elementor-field-required\">\n                    <label for=\"form-field-name\" class=\"elementor-field-label elementor-screen-only\">Name<\/label><input type=\"text\" name=\"name\" id=\"form-field-name\" class=\"elementor-field form-control elementor-size-md elementor-field-textual\" placeholder=\"Name\" title=\"* Name\" required=\"required\">                    <\/div>\n\n                                        <div class=\"elementor-field-group elementor-column form-group elementor-field-group-ac2e031 elementor-col-50\">\n                    <label for=\"form-field-ac2e031\" class=\"elementor-field-label elementor-screen-only\">Phone<\/label><input type=\"text\" name=\"mobile\" id=\"form-field-ac2e031\" class=\"elementor-field form-control elementor-size-md elementor-field-textual\" placeholder=\"Telefon\" title=\"* Phone\">                    <\/div>\n\n                                        <div class=\"elementor-field-group elementor-column form-group elementor-field-group-email elementor-col-50 elementor-field-required\">\n                    <label for=\"form-field-email\" class=\"elementor-field-label elementor-screen-only\">Email<\/label><input type=\"email\" name=\"email\" id=\"form-field-email\" class=\"elementor-field form-control elementor-size-md elementor-field-textual\" placeholder=\"Email\" title=\"* Email\" required=\"required\">                    <\/div>\n\n                                        <div class=\"elementor-field-group elementor-column form-group elementor-field-group-message elementor-col-100 elementor-field-required\">\n                    <label for=\"form-field-message\" class=\"elementor-field-label elementor-screen-only\">Message<\/label><textarea class=\"elementor-field-textual elementor-field elementor-size-md\" name=\"message\" id=\"form-field-message\" rows=\"4\" placeholder=\"Nachricht\" required=\"required\" title=\"* Message\"><\/textarea>                    <\/div>\n\n                    \n                                        <div class=\"houzez-gdpr-agreement elementor-field-group elementor-col-100\">\n                        <label for=\"gdpr_agreement\" class=\"elementor-field-label\">GDPR Agreement<\/label>\n                        <div class=\"gdpr-agreement-subgroup\">\n                            <span class=\"gdpr-field-option\">\n                                <label class=\"gdpr-text\" for=\"gdpr_agreement\">\n                                    <input required type=\"checkbox\" name=\"gdpr_agreement\" id=\"gdpr_agreement\" title=\"* GDPR Agreement\">  I consent to having this website store my submitted information                                <\/label>\n                            <\/span>\n                        <\/div>             \n                    <\/div>\n                    \n                                        <div class=\"\">\n                                            <\/div>\n                    \n                    <div class=\"elementor-field-group elementor-column elementor-field-type-submit elementor-col-100\">\n                    <button type=\"submit\" class=\"btn houzez-submit-button houzez-contact-form-js elementor-button elementor-size-md\">\n                        <i class=\"btn-loader houzez-loader-js\"><\/i>\n                                                    Senden                                            <\/button>\n                <\/div>\n            <\/div><!-- End wrapper-->\n            <br\/>\n            <div class=\"ele-form-messages\"><\/div>\n            <div class=\"error-container\"><\/div>\n\n        <\/form>\n\n    \t\t<\/div>\n\t\t\t\t<\/div>\n\t\t\t\t<div class=\"elementor-element elementor-element-d216944 elementor-widget elementor-widget-heading\" data-id=\"d216944\" data-element_type=\"widget\" data-widget_type=\"heading.default\">\n\t\t\t\t<div class=\"elementor-widget-container\">\n\t\t\t<p class=\"elementor-heading-title elementor-size-default\">\u00d6ffnungszeiten\n\n<\/p>\t\t<\/div>\n\t\t\t\t<\/div>\n\t\t\t\t<div class=\"elementor-element elementor-element-320f163 elementor-widget elementor-widget-text-editor\" data-id=\"320f163\" data-element_type=\"widget\" data-widget_type=\"text-editor.default\">\n\t\t\t\t<div class=\"elementor-widget-container\">\n\t\t\t\t\t\t\t<p>9:00 &#8211; 16:00 Montag &#8211; Freitag<br \/>Geschlossen Samstag &#8211; Sonntag<\/p>\t\t\t\t\t\t<\/div>\n\t\t\t\t<\/div>\n\t\t\t\t\t<\/div>\n\t\t<\/div>\n\t\t\t\t<div class=\"elementor-column elementor-col-33 elementor-inner-column elementor-element elementor-element-de052a5\" data-id=\"de052a5\" data-element_type=\"column\">\n\t\t\t<div class=\"elementor-widget-wrap\">\n\t\t\t\t\t\t\t<\/div>\n\t\t<\/div>\n\t\t\t\t<div class=\"elementor-column elementor-col-33 elementor-inner-column elementor-element elementor-element-d16178c\" data-id=\"d16178c\" data-element_type=\"column\">\n\t\t\t<div class=\"elementor-widget-wrap elementor-element-populated\">\n\t\t\t\t\t\t<div class=\"elementor-element elementor-element-62aee6d elementor-widget elementor-widget-google_maps\" data-id=\"62aee6d\" data-element_type=\"widget\" data-widget_type=\"google_maps.default\">\n\t\t\t\t<div class=\"elementor-widget-container\">\n\t\t\t\t\t<div class=\"elementor-custom-embed\">\n\t\t\t<iframe loading=\"lazy\"\n\t\t\t\t\tsrc=\"https:\/\/maps.google.com\/maps?q=Albatros%20Real%20Estate%2C%20Bar&#038;t=m&#038;z=15&#038;output=embed&#038;iwloc=near\"\n\t\t\t\t\ttitle=\"Albatros Real Estate, Bar\"\n\t\t\t\t\taria-label=\"Albatros Real Estate, Bar\"\n\t\t\t><\/iframe>\n\t\t<\/div>\n\t\t\t\t<\/div>\n\t\t\t\t<\/div>\n\t\t\t\t<div class=\"elementor-element elementor-element-1b4c53d elementor-icon-list--layout-traditional elementor-list-item-link-full_width elementor-widget elementor-widget-icon-list\" data-id=\"1b4c53d\" data-element_type=\"widget\" data-widget_type=\"icon-list.default\">\n\t\t\t\t<div class=\"elementor-widget-container\">\n\t\t\t\t\t<ul class=\"elementor-icon-list-items\">\n\t\t\t\t\t\t\t<li class=\"elementor-icon-list-item\">\n\t\t\t\t\t\t\t\t\t\t\t<span class=\"elementor-icon-list-icon\">\n\t\t\t\t\t\t\t<svg xmlns=\"http:\/\/www.w3.org\/2000\/svg\" xmlns:xlink=\"http:\/\/www.w3.org\/1999\/xlink\" width=\"512\" height=\"512\" x=\"0\" y=\"0\" viewBox=\"0 0 217.109 217.109\" style=\"enable-background:new 0 0 512 512\" xml:space=\"preserve\" class=\"\"><g><path d=\"M108.552 0C62.42 0 24.89 37.535 24.89 83.672c0 32.967 13.802 66.314 39.914 96.437 19.503 22.499 38.831 35.246 39.645 35.778a7.495 7.495 0 0 0 8.208 0c.813-.532 20.144-13.279 39.647-35.777 26.114-30.124 39.917-63.471 39.917-96.438C192.22 37.535 154.686 0 108.552 0zm0 200.4C93.165 188.934 39.89 144.806 39.89 83.672 39.89 45.806 70.691 15 108.552 15c37.864 0 68.668 30.806 68.668 68.672 0 61.134-53.28 105.262-68.668 116.728z\" fill=\"#094c69\" opacity=\"1\" data-original=\"#000000\"><\/path><path d=\"M108.557 50.449c-18.31 0-33.206 14.897-33.206 33.209 0 18.307 14.896 33.201 33.206 33.201 18.31 0 33.205-14.894 33.205-33.201 0-18.311-14.896-33.209-33.205-33.209zm0 51.41c-10.039 0-18.206-8.165-18.206-18.201 0-10.041 8.167-18.209 18.206-18.209 10.038 0 18.205 8.168 18.205 18.209 0 10.036-8.167 18.201-18.205 18.201z\" fill=\"#094c69\" opacity=\"1\" data-original=\"#000000\"><\/path><\/g><\/svg>\t\t\t\t\t\t<\/span>\n\t\t\t\t\t\t\t\t\t\t<span class=\"elementor-icon-list-text\">Ulica Jovana Tomasevica br 2, Bar 85000<\/span>\n\t\t\t\t\t\t\t\t\t<\/li>\n\t\t\t\t\t\t\t\t<li class=\"elementor-icon-list-item\">\n\t\t\t\t\t\t\t\t\t\t\t<a href=\"tel:+38267255080\">\n\n\t\t\t\t\t\t\t\t\t\t\t\t<span class=\"elementor-icon-list-icon\">\n\t\t\t\t\t\t\t<svg xmlns=\"http:\/\/www.w3.org\/2000\/svg\" xmlns:xlink=\"http:\/\/www.w3.org\/1999\/xlink\" width=\"512\" height=\"512\" x=\"0\" y=\"0\" viewBox=\"0 0 211.621 211.621\" style=\"enable-background:new 0 0 512 512\" xml:space=\"preserve\" class=\"\"><g><path d=\"M180.948 27.722C163.07 9.844 139.299-.001 114.017 0a7.5 7.5 0 0 0 0 15c21.276-.001 41.279 8.284 56.324 23.329 15.046 15.045 23.331 35.049 23.33 56.326a7.5 7.5 0 0 0 15 .001c.001-25.285-9.844-49.056-27.723-66.934z\" fill=\"#094c69\" opacity=\"1\" data-original=\"#000000\" class=\"\"><\/path><path d=\"M150.096 94.656c0 4.142 3.358 7.5 7.501 7.499a7.5 7.5 0 0 0 7.499-7.5c-.002-28.16-22.916-51.073-51.078-51.077h-.001a7.5 7.5 0 0 0-.001 15c19.893.003 36.078 16.187 36.08 36.078zM133.5 132.896c-11.432-.592-17.256 7.91-20.049 11.994a7.5 7.5 0 1 0 12.381 8.469c3.3-4.825 4.795-5.584 6.823-5.488 6.491.763 32.056 19.497 34.616 25.355.642 1.725.618 3.416-.071 5.473-2.684 7.966-7.127 13.564-12.851 16.188-5.438 2.493-12.105 2.267-19.276-.651-26.777-10.914-50.171-26.145-69.531-45.271l-.023-.023c-19.086-19.341-34.289-42.705-45.185-69.441-2.919-7.177-3.145-13.845-.652-19.282 2.624-5.724 8.222-10.167 16.181-12.848 2.064-.692 3.752-.714 5.461-.078 5.879 2.569 24.612 28.133 25.368 34.551.108 2.104-.657 3.598-5.478 6.892a7.5 7.5 0 1 0 8.461 12.385c4.086-2.79 12.586-8.598 11.996-20.069-.65-11.982-23.958-43.713-35.095-47.808-4.953-1.846-10.163-1.878-15.491-.09-11.988 4.037-20.646 11.235-25.038 20.815-4.26 9.294-4.125 20.077.395 31.189 11.661 28.612 27.976 53.647 48.491 74.412.05.051.101.101.153.15 20.75 20.477 45.756 36.762 74.33 48.409 5.722 2.327 11.357 3.492 16.746 3.492 5.074 0 9.932-1.032 14.438-3.098 9.581-4.391 16.778-13.048 20.818-25.044 1.784-5.318 1.755-10.526-.077-15.456-4.109-11.167-35.84-34.475-47.841-35.127z\" fill=\"#094c69\" opacity=\"1\" data-original=\"#000000\" class=\"\"><\/path><\/g><\/svg>\t\t\t\t\t\t<\/span>\n\t\t\t\t\t\t\t\t\t\t<span class=\"elementor-icon-list-text\">+382 69 218 866<\/span>\n\t\t\t\t\t\t\t\t\t\t\t<\/a>\n\t\t\t\t\t\t\t\t\t<\/li>\n\t\t\t\t\t\t\t\t<li class=\"elementor-icon-list-item\">\n\t\t\t\t\t\t\t\t\t\t\t<a href=\"mailto:info@albatrosrealestate.com\">\n\n\t\t\t\t\t\t\t\t\t\t\t\t<span class=\"elementor-icon-list-icon\">\n\t\t\t\t\t\t\t<svg xmlns=\"http:\/\/www.w3.org\/2000\/svg\" xmlns:xlink=\"http:\/\/www.w3.org\/1999\/xlink\" width=\"512\" height=\"512\" x=\"0\" y=\"0\" viewBox=\"0 0 241.061 241.061\" style=\"enable-background:new 0 0 512 512\" xml:space=\"preserve\" class=\"\"><g><path d=\"m198.602 70.402-78.063 68.789-78.08-68.79a7.5 7.5 0 1 0-9.916 11.255l83.039 73.159c1.417 1.248 3.188 1.872 4.958 1.872s3.542-.624 4.959-1.873l83.022-73.159a7.502 7.502 0 0 0 .668-10.586 7.505 7.505 0 0 0-10.587-.667z\" fill=\"#094c69\" opacity=\"1\" data-original=\"#000000\" class=\"\"><\/path><path d=\"M218.561 38.529H22.5c-12.406 0-22.5 10.093-22.5 22.5v119.002c0 12.407 10.094 22.5 22.5 22.5h196.061c12.406 0 22.5-10.093 22.5-22.5V61.029c0-12.406-10.094-22.5-22.5-22.5zm7.5 141.502c0 4.135-3.364 7.5-7.5 7.5H22.5c-4.136 0-7.5-3.365-7.5-7.5V61.029c0-4.135 3.364-7.5 7.5-7.5h196.061c4.136 0 7.5 3.365 7.5 7.5v119.002z\" fill=\"#094c69\" opacity=\"1\" data-original=\"#000000\" class=\"\"><\/path><\/g><\/svg>\t\t\t\t\t\t<\/span>\n\t\t\t\t\t\t\t\t\t\t<span class=\"elementor-icon-list-text\">info@albatrosrealestate.com<\/span>\n\t\t\t\t\t\t\t\t\t\t\t<\/a>\n\t\t\t\t\t\t\t\t\t<\/li>\n\t\t\t\t\t\t<\/ul>\n\t\t\t\t<\/div>\n\t\t\t\t<\/div>\n\t\t\t\t<div class=\"elementor-element elementor-element-f85fae5 elementor-widget elementor-widget-heading\" data-id=\"f85fae5\" data-element_type=\"widget\" data-widget_type=\"heading.default\">\n\t\t\t\t<div class=\"elementor-widget-container\">\n\t\t\t<p class=\"elementor-heading-title elementor-size-default\">FINDEN SIE UNS AUF\n\n<\/p>\t\t<\/div>\n\t\t\t\t<\/div>\n\t\t\t\t<div class=\"elementor-element elementor-element-fffa562 elementor-shape-circle e-grid-align-left e-grid-align-mobile-center elementor-grid-0 elementor-invisible elementor-widget elementor-widget-social-icons\" data-id=\"fffa562\" data-element_type=\"widget\" data-settings=\"{&quot;_animation&quot;:&quot;fadeInUp&quot;}\" data-widget_type=\"social-icons.default\">\n\t\t\t\t<div class=\"elementor-widget-container\">\n\t\t\t\t\t<div class=\"elementor-social-icons-wrapper elementor-grid\">\n\t\t\t\t\t\t\t<span class=\"elementor-grid-item\">\n\t\t\t\t\t<a class=\"elementor-icon elementor-social-icon elementor-social-icon-facebook-f elementor-repeater-item-0e3d5fc\" href=\"https:\/\/www.facebook.com\/albatrosrealestate.me\/\" target=\"_blank\">\n\t\t\t\t\t\t<span class=\"elementor-screen-only\">Facebook-f<\/span>\n\t\t\t\t\t\t<svg class=\"e-font-icon-svg e-fab-facebook-f\" viewBox=\"0 0 320 512\" xmlns=\"http:\/\/www.w3.org\/2000\/svg\"><path d=\"M279.14 288l14.22-92.66h-88.91v-60.13c0-25.35 12.42-50.06 52.24-50.06h40.42V6.26S260.43 0 225.36 0c-73.22 0-121.08 44.38-121.08 124.72v70.62H22.89V288h81.39v224h100.17V288z\"><\/path><\/svg>\t\t\t\t\t<\/a>\n\t\t\t\t<\/span>\n\t\t\t\t\t\t\t<span class=\"elementor-grid-item\">\n\t\t\t\t\t<a class=\"elementor-icon elementor-social-icon elementor-social-icon-instagram elementor-repeater-item-46820de\" href=\"https:\/\/www.instagram.com\/albatros_real_estate_\/\" target=\"_blank\">\n\t\t\t\t\t\t<span class=\"elementor-screen-only\">Instagram<\/span>\n\t\t\t\t\t\t<svg class=\"e-font-icon-svg e-fab-instagram\" viewBox=\"0 0 448 512\" xmlns=\"http:\/\/www.w3.org\/2000\/svg\"><path d=\"M224.1 141c-63.6 0-114.9 51.3-114.9 114.9s51.3 114.9 114.9 114.9S339 319.5 339 255.9 287.7 141 224.1 141zm0 189.6c-41.1 0-74.7-33.5-74.7-74.7s33.5-74.7 74.7-74.7 74.7 33.5 74.7 74.7-33.6 74.7-74.7 74.7zm146.4-194.3c0 14.9-12 26.8-26.8 26.8-14.9 0-26.8-12-26.8-26.8s12-26.8 26.8-26.8 26.8 12 26.8 26.8zm76.1 27.2c-1.7-35.9-9.9-67.7-36.2-93.9-26.2-26.2-58-34.4-93.9-36.2-37-2.1-147.9-2.1-184.9 0-35.8 1.7-67.6 9.9-93.9 36.1s-34.4 58-36.2 93.9c-2.1 37-2.1 147.9 0 184.9 1.7 35.9 9.9 67.7 36.2 93.9s58 34.4 93.9 36.2c37 2.1 147.9 2.1 184.9 0 35.9-1.7 67.7-9.9 93.9-36.2 26.2-26.2 34.4-58 36.2-93.9 2.1-37 2.1-147.8 0-184.8zM398.8 388c-7.8 19.6-22.9 34.7-42.6 42.6-29.5 11.7-99.5 9-132.1 9s-102.7 2.6-132.1-9c-19.6-7.8-34.7-22.9-42.6-42.6-11.7-29.5-9-99.5-9-132.1s-2.6-102.7 9-132.1c7.8-19.6 22.9-34.7 42.6-42.6 29.5-11.7 99.5-9 132.1-9s102.7-2.6 132.1 9c19.6 7.8 34.7 22.9 42.6 42.6 11.7 29.5 9 99.5 9 132.1s2.7 102.7-9 132.1z\"><\/path><\/svg>\t\t\t\t\t<\/a>\n\t\t\t\t<\/span>\n\t\t\t\t\t<\/div>\n\t\t\t\t<\/div>\n\t\t\t\t<\/div>\n\t\t\t\t\t<\/div>\n\t\t<\/div>\n\t\t\t\t\t<\/div>\n\t\t<\/section>\n\t\t\t\t\t<\/div>\n\t\t<\/div>\n\t\t\t\t\t<\/div>\n\t\t<\/section>\n\t\t\t\t<\/div>\n\t\t","protected":false},"excerpt":{"rendered":"<p>Kontaktieren Sie uns Senden Sie uns eine Nachricht \u00fcber das Kontaktformular, und wir werden Ihnen so schnell wie m\u00f6glich antworten. Type Ausw\u00e4hlenIch m\u00f6chte kaufenIch m\u00f6chte verkaufen Name Phone Email Message GDPR Agreement I consent to having this website store my submitted information Senden \u00d6ffnungszeiten 9:00 &#8211; 16:00 Montag &#8211; FreitagGeschlossen Samstag &#8211; Sonntag Ulica Jovana [&hellip;]<\/p>\n","protected":false},"author":9,"featured_media":0,"parent":0,"menu_order":0,"comment_status":"closed","ping_status":"closed","template":"elementor_header_footer","meta":{"om_disable_all_campaigns":false,"_monsterinsights_skip_tracking":false,"_monsterinsights_sitenote_active":false,"_monsterinsights_sitenote_note":"","_monsterinsights_sitenote_category":0,"footnotes":""},"class_list":["post-51927","page","type-page","status-publish","hentry"],"aioseo_notices":[],"_links":{"self":[{"href":"https:\/\/albatrosrealestate.com\/de\/wp-json\/wp\/v2\/pages\/51927","targetHints":{"allow":["GET"]}}],"collection":[{"href":"https:\/\/albatrosrealestate.com\/de\/wp-json\/wp\/v2\/pages"}],"about":[{"href":"https:\/\/albatrosrealestate.com\/de\/wp-json\/wp\/v2\/types\/page"}],"author":[{"embeddable":true,"href":"https:\/\/albatrosrealestate.com\/de\/wp-json\/wp\/v2\/users\/9"}],"replies":[{"embeddable":true,"href":"https:\/\/albatrosrealestate.com\/de\/wp-json\/wp\/v2\/comments?post=51927"}],"version-history":[{"count":7,"href":"https:\/\/albatrosrealestate.com\/de\/wp-json\/wp\/v2\/pages\/51927\/revisions"}],"predecessor-version":[{"id":52201,"href":"https:\/\/albatrosrealestate.com\/de\/wp-json\/wp\/v2\/pages\/51927\/revisions\/52201"}],"wp:attachment":[{"href":"https:\/\/albatrosrealestate.com\/de\/wp-json\/wp\/v2\/media?parent=51927"}],"curies":[{"name":"wp","href":"https:\/\/api.w.org\/{rel}","templated":true}]}}